{"id":39,"date":"2013-03-08T16:32:03","date_gmt":"2013-03-08T15:32:03","guid":{"rendered":"http:\/\/ll.univ-poitiers.fr\/masterime\/?page_id=39"},"modified":"2018-09-21T16:01:11","modified_gmt":"2018-09-21T15:01:11","slug":"faq-questions-frequentes","status":"publish","type":"page","link":"https:\/\/ll.univ-poitiers.fr\/masterime\/inscription\/faq-questions-frequentes","title":{"rendered":"F.A.Q.&nbsp;: Questions fr\u00e9quentes"},"content":{"rendered":"<div class=\"accordeon\">\n<h2>. Combien co\u00fbte la formation ?<\/h2>\n<div class=\"content\">\n<p>En formation initiale, les droits d\u2019inscription sont les m\u00eames pour la quasi-totalit\u00e9 des masters de France. En 2013-2014, ils se montent \u00e0 254 \u20ac. \u00c0 ceci s\u2019ajoutent la s\u00e9curit\u00e9 sociale \u00e9tudiante (211 \u20ac) et la m\u00e9decine pr\u00e9ventive (5,10 \u20ac). Les \u00e9tudiants boursiers et pupilles de la nation ne payent que la m\u00e9decine pr\u00e9ventive.<br \/>\nDans le cas de la formation \u00e0 distance, s&rsquo;ajoutent aux droits d&rsquo;inscription des frais sp\u00e9cifiques allant de 2300 euros (M1 ou M2 effectu\u00e9 en 2 ans) \u00e0 3800 euros (M1 ou M2 effectu\u00e9 en 1 an).<\/p>\n<p>En reprise d\u2019\u00e9tudes, les droits sont normalement pris en charge par l\u2019employeur ou font l\u2019objet d\u2019un financement par un fonds pour la formation (OPCA). En 2010-2011, ils se montent \u00e0 4 500 \u20ac pour une premi\u00e8re inscription \u00e0 l\u2019Universit\u00e9 de Poitiers et 2 000 \u20ac pour les suivantes.<\/p>\n<\/div>\n<h2>. Qu\u2019est-ce que le statut \u00ab formation initiale \u00bb ? \u00ab continue \u00bb ?<\/h2>\n<div class=\"content\">\n<p>La plupart des \u00e9tudiants sont en \u00abformation initiale\u00bb. Ils b\u00e9n\u00e9ficient alors du statut juridique d\u2019\u00e9tudiants, rel\u00e8vent d\u2019un r\u00e9gime de protection particulier et ne peuvent \u00eatre alors demandeur d\u2019emploi, donc ne peuvent \u00eatre indemnis\u00e9s \u00e0 ce titre.<\/p>\n<p>Tous les r\u00e9sidents fran\u00e7ais qui ont plus de 28 ans, ont arr\u00eat\u00e9 leurs \u00e9tudes depuis plus de deux ans ou sont demandeurs d\u2019emploi rel\u00e8vent en revanche de la \u00abformation continue\u00bb. Pendant la formation, ils ont le statut de \u00abstagiaire de la formation continue\u00bb. Ils peuvent avoir droit, pendant cette p\u00e9riode, \u00e0 un certain nombre d\u2019indemnisations et d\u2019aides financi\u00e8res. Pour plus de renseignements, contacter <a title=\"Service commun de l'Universit\u00e9 de Poitiers d\u00e9di\u00e9 \u00e0 la formation tout au long de la vie\" href=\"http:\/\/uppro.univ-poitiers.fr\/\" target=\"_blank\" rel=\"noopener\">UP&amp;Pro<\/a>.<\/p>\n<\/div>\n<h2>. Quel est le niveau attendu de ma\u00eetrise du fran\u00e7ais ?<\/h2>\n<div class=\"content\">\n<p>Les formations font appel \u00e0 de nombreux intervenants ext\u00e9rieurs et il y a de nombreux candidats \u00e0 l\u2019entr\u00e9e du master. Le jury n\u2019admettra donc que des candidats ayant une tr\u00e8s bonne ma\u00eetrise du fran\u00e7ais, \u00e0 l\u2019\u00e9crit comme \u00e0 l\u2019oral.<\/p>\n<\/div>\n<h2>. Quel est le niveau attendu de ma\u00eetrise de langues autres que le fran\u00e7ais ?<\/h2>\n<div class=\"content\">\n<p>Un niveau de ma\u00eetrise minimal de l&rsquo;anglais est attendu des candidats.<br \/>\n<!--Dans le cas du master Euromime (programme Erasmus Mundus), les candidats doivent avoir un niveau de ma\u00eetrise de deux des trois langues d'enseignement du master (espagnol, fran\u00e7ais et portugais).--><\/p>\n<\/div>\n<h2>. En quoi consiste l\u2019audition de s\u00e9lection ?<\/h2>\n<div class=\"content\">\n<p>L\u2019audition concerne les candidats se pr\u00e9sentant directement en M2. Le candidat est re\u00e7u en entretien par un jury compos\u00e9 d&rsquo;au moins deux enseignants du master.<\/p>\n<\/div>\n<h2>. Quel conseil pour r\u00e9diger ma lettre de motivation ?<\/h2>\n<div class=\"content\">\n<p>Une lettre de motivation doit montrer la motivation du candidat pour int\u00e9grer notre formation, bien entendu, mais surtout donner au jury des motifs pour retenir le candidat. Nous ne donnons pas plus d\u2019indications. Chaque \u00e9tudiant est unique et nous souhaitons retenir des profils vari\u00e9s.<\/p>\n<\/div>\n<h2>. J\u2019ai suivi des \u00e9tudes de xxxxxxxx. Je souhaite int\u00e9grer le Master IME pour l&rsquo;Education. Pensez-vous que ce soit possible, vu mon cursus ?<\/h2>\n<div class=\"content\">\n<p>Oui, c\u2019est possible, \u00e0 condition de d\u00e9montrer la pertinence de votre projet professionnel et d\u2019expliciter son lien avec les technologies \u00e9ducatives. Le Master IME recrute des \u00e9tudiants issus de formations diverses. La pluridisciplinarit\u00e9 du master vient \u00e0 la fois des enseignements propos\u00e9s et de la vari\u00e9t\u00e9 des profils des \u00e9tudiants.<\/p>\n<\/div>\n<h2>. Est-ce une formation \u00e0 distance ?<\/h2>\n<div class=\"content\">\n<p>Oui, c\u2019est une formation dont on peut choisir la modalit\u00e9 : en pr\u00e9sentiel ou \u00e0 distance ou en alternance. Depuis 2002, le Master IME est accessible en formation \u00e0 distance. Les \u00e9tudiants retenus selon cette modalit\u00e9 ont acc\u00e8s \u00e0 un ensemble de ressources et d\u2019activit\u00e9s disponibles sur une plateforme d\u00e9di\u00e9e. Ils b\u00e9n\u00e9ficient \u00e9galement d\u2019un tutorat administratif, technique et p\u00e9dagogique.\u2028La formation \u00e0 distance implique des frais sp\u00e9cifiques allant de 2300 euros (M1 ou M2 effectu\u00e9 en 2 ans) \u00e0 3800 euros (M1 ou M2 effectu\u00e9 en 1 an). Pour plus de pr\u00e9cisions sur la formation \u00e0 distance : sec.ime.ll@univ-poitiers.fr.<\/p>\n<\/div>\n<h2>. Quel est le volume de cours par semaine ?<\/h2>\n<div class=\"content\">\n<p>En M1 comme en M2, les semaines comportent environ 27 h de cours par semaine, auxquelles il faut ajouter environ 13 h de travail personnel. Toutefois, ces temps sont tr\u00e8s variables d\u2019une personne \u00e0 l\u2019autre et d\u2019une semaine \u00e0 l\u2019autre. En M2, le calendrier alterne des semaines de formation et des semaines de travail encadr\u00e9 sur des projets professionnels.<br \/>\nLes \u00e9tudiants salari\u00e9s en activit\u00e9 ont le droit d\u2019\u00e9taler chaque ann\u00e9e de formation sur deux ann\u00e9es universitaires. Il est donc possible de suivre l\u2019int\u00e9gralit\u00e9 du master en 2, 3 ou 4 ans. Les \u00e9tudiants salari\u00e9s admis directement en deuxi\u00e8me ann\u00e9e peuvent \u00e9galement \u00e9taler cette ann\u00e9e sur deux ans.<\/p>\n<\/div>\n<h2>. La formation est-elle possible en alternance ?<\/h2>\n<div class=\"content\">\n<p>Oui, mais uniquement en Master 2. Depuis 2012, le Master IME est habilit\u00e9 \u00e0 signer des contrats de professionnalisation. En contrat de professionnalisation, vous \u00eates \u00e9tudiant-salari\u00e9 et alternez cours \u00e0 l\u2019universit\u00e9 et travail en entreprise. Cette modalit\u00e9 permet d\u2019acqu\u00e9rir une plus grande maturit\u00e9 en affrontant simultan\u00e9ment le programme universitaire et les exigences d\u2019un employeur. R\u00e9serv\u00e9e aux \u00e9tudiants les plus motiv\u00e9s, l\u2019alternance facilite l\u2019insertion professionnelle \u00e0 l\u2019issue du Master.<br \/>\nAttention, notre Master n\u2019est pas habilit\u00e9 \u00e0 signer des contrats d\u2019apprentissage.<\/p>\n<\/div>\n<p><!--\n\n\n<h2><<span>.<\/span> Quels sont les \u00e9l\u00e9ments communs au Master IME et au Master Euromime ?<\/h2>\n\n\n\n\n<div class=\"content\">\n\nLes cours du semestre 1 de la premi\u00e8re ann\u00e9e sont communs. Les \u00e9tudiants du Master Euromime poursuivent leur formation dans les universit\u00e9s partenaires pendant les semestres 2, 3 et 4.\n\n<\/div>\n\n\n--><\/p>\n<h2>. Quelle licence dois-je faire pour pr\u00e9parer une admission dans le Master IME ?<\/h2>\n<div class=\"content\">\n<p>Aucune licence ne pr\u00e9pare sp\u00e9cifiquement \u00e0 l\u2019entr\u00e9e au Master IME. C\u2019est donc la logique de votre parcours et de votre projet qui vous permettra d\u2019\u00eatre int\u00e9gr\u00e9 \u00e0 la formation. Le Master IME est pluridisciplinaire et recrute des \u00e9tudiants aux profils vari\u00e9s qui ont en commun un int\u00e9r\u00eat pour les technologies \u00e9ducatives.<\/p>\n<\/div>\n<p><!--\n\n\n<h2><span>.<\/span>Comment int\u00e9grer le Master Euromime?<\/h2>\n\n\n\n\n<div class=\"content\">\n\nLa s\u00e9lection pour le Master Euromime est close depuis janvier 2014. Les \u00e9tudiants retenus dans le cadre de cette s\u00e9lection seront dipl\u00f4m\u00e9s en septembre 2016.\n\n<\/div>\n\n\n--><\/p>\n<\/div>\n<h2 class=\"bg_title\"><span>Contact<\/span><\/h2>\n<p>Pour toute information compl\u00e9mentaire, vous pouvez prendre contact : sec.ime.ll@univ-poitiers.fr <!--avec le responsable des formations: <a href=\"http:\/\/www.univ-poitiers.fr\/universite\/m-devauchelle-bruno-745171.kjsp?RH=1328180552288\" target=\"_blank\" rel=\"noopener\">Bruno Devauchelle<\/a>-->.<\/p>\n","protected":false},"excerpt":{"rendered":"<p>. Combien co\u00fbte la formation ? En formation initiale, les droits d\u2019inscription sont les m\u00eames pour la quasi-totalit\u00e9 des masters de France. En 2013-2014, ils se montent \u00e0 254 \u20ac. \u00c0 ceci s\u2019ajoutent la s\u00e9curit\u00e9 sociale \u00e9tudiante (211 \u20ac) et <a class=\"read-more\" href=\"https:\/\/ll.univ-poitiers.fr\/masterime\/inscription\/faq-questions-frequentes\"> Lire la suite &rarr;<\/a><\/p>\n","protected":false},"author":1,"featured_media":0,"parent":22,"menu_order":5,"comment_status":"open","ping_status":"closed","template":"page-templates\/left-nav-page.php","meta":[],"_links":{"self":[{"href":"https:\/\/ll.univ-poitiers.fr\/masterime\/wp-json\/wp\/v2\/pages\/39"}],"collection":[{"href":"https:\/\/ll.univ-poitiers.fr\/masterime\/wp-json\/wp\/v2\/pages"}],"about":[{"href":"https:\/\/ll.univ-poitiers.fr\/masterime\/wp-json\/wp\/v2\/types\/page"}],"author":[{"embeddable":true,"href":"https:\/\/ll.univ-poitiers.fr\/masterime\/wp-json\/wp\/v2\/users\/1"}],"replies":[{"embeddable":true,"href":"https:\/\/ll.univ-poitiers.fr\/masterime\/wp-json\/wp\/v2\/comments?post=39"}],"version-history":[{"count":80,"href":"https:\/\/ll.univ-poitiers.fr\/masterime\/wp-json\/wp\/v2\/pages\/39\/revisions"}],"predecessor-version":[{"id":1788,"href":"https:\/\/ll.univ-poitiers.fr\/masterime\/wp-json\/wp\/v2\/pages\/39\/revisions\/1788"}],"up":[{"embeddable":true,"href":"https:\/\/ll.univ-poitiers.fr\/masterime\/wp-json\/wp\/v2\/pages\/22"}],"wp:attachment":[{"href":"https:\/\/ll.univ-poitiers.fr\/masterime\/wp-json\/wp\/v2\/media?parent=39"}],"curies":[{"name":"wp","href":"https:\/\/api.w.org\/{rel}","templated":true}]}}