{"id":33,"date":"2013-03-08T16:30:57","date_gmt":"2013-03-08T15:30:57","guid":{"rendered":"http:\/\/ll.univ-poitiers.fr\/masterime\/?page_id=33"},"modified":"2014-01-16T16:40:20","modified_gmt":"2014-01-16T15:40:20","slug":"profils-recherches","status":"publish","type":"page","link":"https:\/\/ll.univ-poitiers.fr\/masterime\/inscription\/profils-recherches","title":{"rendered":"Profils recherch\u00e9s"},"content":{"rendered":"<p>Le Master IME recrute des \u00e9tudiants issus de formations diverses : les sciences de l\u2019information et de la communication, et les sciences de l\u2019\u00e9ducation sont tr\u00e8s repr\u00e9sent\u00e9es dans les promotions des derni\u00e8res ann\u00e9es.<\/p>\n<p>Nous accueillons \u00e9galement des \u00e9tudiants issus de lettres et langues, de formations techniques ou industrielles (informatique, ing\u00e9nieurs qualit\u00e9).<\/p>\n<p>Un entretien pr\u00e9alable nous permet le plus souvent d\u2019\u00e9valuer la motivation et les pr\u00e9-requis utiles \u00e0 la r\u00e9ussite de votre parcours en Master.<\/p>\n<p>Les enseignements en Master IME s\u2019appuient sur trois axes : la gestion de projets multim\u00e9dias, la sc\u00e9narisation p\u00e9dagogique et les aspects techniques (manipulation de LMS ou learning management systems, mod\u00e9lisation, outils de cr\u00e9ation d\u2019objets d\u2019apprentissage). En fonction de vos acquis ant\u00e9rieurs et de vos objectifs, votre profil professionnel d\u00e9veloppera l\u2019un ou l\u2019autre de ces axes de mani\u00e8re privil\u00e9gi\u00e9e \u00e0 l\u2019issue du Master.<\/p>\n","protected":false},"excerpt":{"rendered":"<p>Le Master IME recrute des \u00e9tudiants issus de formations diverses : les sciences de l\u2019information et de la communication, et les sciences de l\u2019\u00e9ducation sont tr\u00e8s repr\u00e9sent\u00e9es dans les promotions des derni\u00e8res ann\u00e9es. Nous accueillons \u00e9galement des \u00e9tudiants issus de <a class=\"read-more\" href=\"https:\/\/ll.univ-poitiers.fr\/masterime\/inscription\/profils-recherches\"> Lire la suite &rarr;<\/a><\/p>\n","protected":false},"author":1,"featured_media":0,"parent":22,"menu_order":2,"comment_status":"open","ping_status":"closed","template":"page-templates\/left-nav-page.php","meta":[],"_links":{"self":[{"href":"https:\/\/ll.univ-poitiers.fr\/masterime\/wp-json\/wp\/v2\/pages\/33"}],"collection":[{"href":"https:\/\/ll.univ-poitiers.fr\/masterime\/wp-json\/wp\/v2\/pages"}],"about":[{"href":"https:\/\/ll.univ-poitiers.fr\/masterime\/wp-json\/wp\/v2\/types\/page"}],"author":[{"embeddable":true,"href":"https:\/\/ll.univ-poitiers.fr\/masterime\/wp-json\/wp\/v2\/users\/1"}],"replies":[{"embeddable":true,"href":"https:\/\/ll.univ-poitiers.fr\/masterime\/wp-json\/wp\/v2\/comments?post=33"}],"version-history":[{"count":24,"href":"https:\/\/ll.univ-poitiers.fr\/masterime\/wp-json\/wp\/v2\/pages\/33\/revisions"}],"predecessor-version":[{"id":1194,"href":"https:\/\/ll.univ-poitiers.fr\/masterime\/wp-json\/wp\/v2\/pages\/33\/revisions\/1194"}],"up":[{"embeddable":true,"href":"https:\/\/ll.univ-poitiers.fr\/masterime\/wp-json\/wp\/v2\/pages\/22"}],"wp:attachment":[{"href":"https:\/\/ll.univ-poitiers.fr\/masterime\/wp-json\/wp\/v2\/media?parent=33"}],"curies":[{"name":"wp","href":"https:\/\/api.w.org\/{rel}","templated":true}]}}