{"id":31,"date":"2013-03-08T16:30:40","date_gmt":"2013-03-08T15:30:40","guid":{"rendered":"http:\/\/ll.univ-poitiers.fr\/masterime\/?page_id=31"},"modified":"2023-01-10T11:04:24","modified_gmt":"2023-01-10T10:04:24","slug":"conditions-admission","status":"publish","type":"page","link":"https:\/\/ll.univ-poitiers.fr\/masterime\/inscription\/conditions-admission","title":{"rendered":"Conditions d&rsquo;admission"},"content":{"rendered":"<h2 class=\"bg_title\">Admission<\/h2>\n<p>Il n\u2019existe pas, au sein de l\u2019universit\u00e9 de Poitiers, de licence ouvrant sp\u00e9cifiquement la voie \u00e0 la mention \u00ab Information et communication \u00bb : le Master IME est pluridisciplinaire et recrute des \u00e9tudiants aux profils vari\u00e9s qui ont en commun un int\u00e9r\u00eat pour les technologies \u00e9ducatives.<\/p>\n<p>Pour int\u00e9grer le Master 1, une licence est exig\u00e9e<a title=\"Profils recherch\u00e9s\" href=\"https:\/\/ll.univ-poitiers.fr\/masterime\/inscription\/profils-recherches\"> dans un domaine compatible avec les axes p\u00e9dagogiques du master IME<\/a>. Une validation d\u2019acquis permet \u00e9galement de s&rsquo;inscrire en Master 1.<\/p>\n<p>Pour int\u00e9grer le Master 2, le Master 1 (ou l\u2019ancienne Ma\u00eetrise) est exig\u00e9 <a href=\"https:\/\/ll.univ-poitiers.fr\/masterime\/inscription\/profils-recherches\">dans un domaine proche<\/a>. Une validation d\u2019acquis permet aussi d\u2019entrer en Master 2.<\/p>\n<p>Le Master IME peut <a title=\"master en un an\" href=\"https:\/\/ll.univ-poitiers.fr\/masterime\/formation\/master-en-un-an\">s&rsquo;effectuer en un an.<\/a><\/p>\n<p>Nos recommandations pour l\u2019entr\u00e9e en Master IME : un int\u00e9r\u00eat g\u00e9n\u00e9ral pour les technologies \u00e9ducatives et une aisance avec les nouvelles technologies. Cet int\u00e9r\u00eat peut relever \u00e0 la fois de la conduite de projet (m\u00e9thodes et outils), de la sc\u00e9narisation p\u00e9dagogique et de la communication (orale et \u00e9crite). D\u2019autres comp\u00e9tences sp\u00e9cifiques sont les bienvenues : d\u00e9veloppement informatique, graphisme, audiovisuel, langues, FLE&#8230;<\/p>\n<p>La s\u00e9lection des candidats s\u2019effectue en deux temps :<\/p>\n<ul>\n<li>Pr\u00e9s\u00e9lection sur dossier, au fur et \u00e0 mesure de leur r\u00e9ception,<\/li>\n<li>Entretien oral, g\u00e9n\u00e9ralement en juin ou tout d\u00e9but juillet<\/li>\n<\/ul>\n<p>Voir <a title=\"Pour postuler\" href=\"https:\/\/ll.univ-poitiers.fr\/masterime\/inscription\/demande-de-dossier\">la proc\u00e9dure de demande de dossier pour postuler<\/a>.<\/p>\n<h2 class=\"bg_title\">Reprise d\u2019\u00e9tude<\/h2>\n<p>Les candidats qui souhaitent reprendre des \u00e9tudes en premi\u00e8re ou seconde ann\u00e9e, sont invit\u00e9s \u00e0 prendre contact le plus t\u00f4t possible avec <a href=\"http:\/\/uppro.univ-poitiers.fr\/\" target=\"_blank\" rel=\"noopener\">UP&amp;PRO<\/a>, le service d\u2019orientation de l\u2019universit\u00e9 charg\u00e9 de les accompagner dans le montage de leur dossier de reprise d\u2019\u00e9tude et, le cas \u00e9ch\u00e9ant, de les aider \u00e0 faire valoir leur droit \u00e0 la formation.<br \/>\nLes personnes ayant d\u00e9j\u00e0 eu une activit\u00e9 professionnelle de trois ans au moins peuvent, dans certains cas, \u00eatre dispens\u00e9es de tout ou partie des dipl\u00f4mes requis pour entrer en premi\u00e8re ou en seconde ann\u00e9e. Il faut, dans ce cas, monter un dossier de validation d\u2019acquis professionnel (VAP) avec<a href=\"http:\/\/uppro.univ-poitiers.fr\" target=\"_blank\" rel=\"noopener\"> UP&amp;PRO<\/a>. Il est conseill\u00e9 de pr\u00e9voir un d\u00e9lai de travail sur ce dossier de quelque mois avant la s\u00e9lection par le Master IME (jusqu\u2019\u00e0 six mois dans certains cas).<\/p>\n<h2 class=\"bg_title\">\u00c9tudiants \u00e9trangers<\/h2>\n<p>Si vous n\u2019avez jamais \u00e9t\u00e9 inscrit dans une universit\u00e9 fran\u00e7aise. Il existe une proc\u00e9dure particuli\u00e8re, en ligne, pour obtenir un visa \u00e9tudiant en fonction de votre pays d\u2019origine.<br \/>\nPlus d\u2019informations sur le site de l\u2019universit\u00e9 : <a href=\"http:\/\/www.univ-poitiers.fr\/formation\/admission-inscription\/candidature-pour-les-titulaires-de-diplomes-etrangers-652631.kjsp?RH=1328806189327\">proc\u00e9dure Campus France<\/a>.<br \/>\nMerci de joindre un CV et une lettre de motivation \u00e0 votre dossier Campus France. Par ailleurs, il est tr\u00e8s fortement recommand\u00e9 de prendre contact avec les responsables du master (ci-dessous), en parall\u00e8le de la proc\u00e9dure Campus France.<\/p>\n<h2 class=\"bg_title\">Contact<\/h2>\n<p>Pour toute information compl\u00e9mentaire, n\u2019h\u00e9sitez pas \u00e0 nous contacter :<\/p>\n<p>D\u00e9partement Ing\u00e9nierie, M\u00e9diation, e-\u00c9ducation (IME)<br \/>\nUFR lettres et langues\u00a0\u2013 Secteur A3<br \/>\n1, rue Raymond Cantel TSA 22102<br \/>\n86073 Poitiers Cedex 9<\/p>\n<p>e-mail : sec.ime.ll@univ-poitiers.fr<\/p>\n<p><!--\n\n\n<ul>\n \t\n\n<li style=\"list-style-type: none\">\n\n\n<ul>\n \t\n\n<li>Pour des informations concernant le M2 : <a href=\"http:\/\/www.univ-poitiers.fr\/universite\/mme-lancella-fabienne-174581.kjsp?RH=1328180552288\">Patrick Doucet<\/a><\/li>\n\n\n<\/ul>\n\n\n<\/li>\n\n\n \t\n\n<li>Pour des informations concernant le Master \u00e0 distance : Sophie Damour<\/li>\n\n\n<\/ul>\n\n\n--><\/p>\n","protected":false},"excerpt":{"rendered":"<p>Admission Il n\u2019existe pas, au sein de l\u2019universit\u00e9 de Poitiers, de licence ouvrant sp\u00e9cifiquement la voie \u00e0 la mention \u00ab Information et communication \u00bb : le Master IME est pluridisciplinaire et recrute des \u00e9tudiants aux profils vari\u00e9s qui ont en <a class=\"read-more\" href=\"https:\/\/ll.univ-poitiers.fr\/masterime\/inscription\/conditions-admission\"> Lire la suite &rarr;<\/a><\/p>\n","protected":false},"author":1,"featured_media":0,"parent":22,"menu_order":1,"comment_status":"open","ping_status":"closed","template":"page-templates\/left-nav-page.php","meta":[],"_links":{"self":[{"href":"https:\/\/ll.univ-poitiers.fr\/masterime\/wp-json\/wp\/v2\/pages\/31"}],"collection":[{"href":"https:\/\/ll.univ-poitiers.fr\/masterime\/wp-json\/wp\/v2\/pages"}],"about":[{"href":"https:\/\/ll.univ-poitiers.fr\/masterime\/wp-json\/wp\/v2\/types\/page"}],"author":[{"embeddable":true,"href":"https:\/\/ll.univ-poitiers.fr\/masterime\/wp-json\/wp\/v2\/users\/1"}],"replies":[{"embeddable":true,"href":"https:\/\/ll.univ-poitiers.fr\/masterime\/wp-json\/wp\/v2\/comments?post=31"}],"version-history":[{"count":56,"href":"https:\/\/ll.univ-poitiers.fr\/masterime\/wp-json\/wp\/v2\/pages\/31\/revisions"}],"predecessor-version":[{"id":2000,"href":"https:\/\/ll.univ-poitiers.fr\/masterime\/wp-json\/wp\/v2\/pages\/31\/revisions\/2000"}],"up":[{"embeddable":true,"href":"https:\/\/ll.univ-poitiers.fr\/masterime\/wp-json\/wp\/v2\/pages\/22"}],"wp:attachment":[{"href":"https:\/\/ll.univ-poitiers.fr\/masterime\/wp-json\/wp\/v2\/media?parent=31"}],"curies":[{"name":"wp","href":"https:\/\/api.w.org\/{rel}","templated":true}]}}