{"id":16,"date":"2013-03-08T16:19:10","date_gmt":"2013-03-08T15:19:10","guid":{"rendered":"http:\/\/ll.univ-poitiers.fr\/masterime\/?page_id=16"},"modified":"2014-02-06T12:23:12","modified_gmt":"2014-02-06T11:23:12","slug":"etudier-a-poitiers","status":"publish","type":"page","link":"https:\/\/ll.univ-poitiers.fr\/masterime\/formation\/etudier-a-poitiers","title":{"rendered":"\u00c9tudier \u00e0 Poitiers"},"content":{"rendered":"<p><img loading=\"lazy\" class=\" wp-image-339 alignright\" alt=\"poitiers\" src=\"https:\/\/ll.univ-poitiers.fr\/masterime\/wp-content\/uploads\/2013\/03\/poitiers-france-2.jpg\" width=\"307\" height=\"204\" srcset=\"https:\/\/ll.univ-poitiers.fr\/masterime\/wp-content\/uploads\/2013\/03\/poitiers-france-2.jpg 640w, https:\/\/ll.univ-poitiers.fr\/masterime\/wp-content\/uploads\/2013\/03\/poitiers-france-2-300x199.jpg 300w\" sizes=\"(max-width: 307px) 100vw, 307px\" \/><\/p>\n<p>\u00c9tudier \u00e0 Poitiers, c\u2019est choisir les avantages de la ville sans en subir les inconv\u00e9nients. Qualit\u00e9 de vie, dimension humaine et nombreux espaces verts en font un lieu au charme ind\u00e9niable. Poitiers compte plus de 25000 \u00e9tudiants, plus d\u2019un quart de sa population. Parmi eux, 3200 \u00e9tudiants \u00e9trangers de 109 nationalit\u00e9s diff\u00e9rentes. \u00c0 une heure et demie de Paris, \u00e0 port\u00e9e des plages de Charente-Maritime et du Marais poitevin, Poitiers est une ville touristique de tout premier plan, au patrimoine historique et environnemental rare. Capitale universitaire, Poitiers vit aussi au rythme de ses 25000 \u00e9tudiants. Cette forte empreinte se traduit par une vie culturelle riche tout au long de l\u2019ann\u00e9e. Outre ses nombreux espaces de verdure au coeur de la ville ou ses petits coins au bord de l\u2019eau, Poitiers se distingue \u00e9galement par sa qualit\u00e9 de vie.<\/p>\n<h2 class=\"bg_title\"><span>Poitiers, ville festive et cr\u00e9ative<\/span><\/h2>\n<p>Une multitude de rendez-vous animent la cit\u00e9 poitevine toute l\u2019ann\u00e9e. Aux grands \u00e9v\u00e9nements culturels succ\u00e8dent des manifestations plus intimistes dans les nombreux lieux de diffusion de Poitiers. Festival annuel de hip-hop, Festival International des \u00c9coles de Cin\u00e9ma Henri Langlois, programmation estivale, festival \u00ab\u00a0les expressifs, le carnaval\u00a0\u00bb\u2026 autant de temps forts t\u00e9moignant de la mixit\u00e9 des genres offerts.<\/p>\n<p>Le Th\u00e9\u00e2tre-Sc\u00e8ne Nationale propose une programmation diversifi\u00e9e abordant toutes les formes du spectacle vivant et soutient la cr\u00e9ation poitevine. La ville dispose aussi d\u2019un lieu unique, le Confort Moderne, ancienne friche industrielle, accueillant depuis 20 ans musiques actuelles et art contemporain.<\/p>\n<p>Les amoureux des sciences ne sont pas oubli\u00e9s : l\u2019espace Mend\u00e8s-France, centre de culture scientifique tr\u00e8s dynamique, dot\u00e9 du seul plan\u00e9tarium de la r\u00e9gion, propose des animations pour chacun tout au long de l\u2019ann\u00e9e.<\/p>\n<p>La proximit\u00e9 du Parc du Futuroscope, troisi\u00e8me parc de loisirs fran\u00e7ais, et de la base nautique de Saint-Cyr, mais aussi son centre aquatique et son golf font de Poitiers une destination privil\u00e9gi\u00e9e.<\/p>\n<h2 class=\"bg_title\"><span>Poitiers, ville d\u2019art et d\u2019histoire<\/span><\/h2>\n<p>\u00ab\u00a0Ville et pays d\u2019art\u00a0\u00bb, Poitiers vous propose un patrimoine architectural prestigieux avec plus de 80 \u00e9difices class\u00e9s monuments historiques. Visiter Poitiers, c\u2019est d\u00e9couvrir une capitale r\u00e9gionale marqu\u00e9e par plus de 2000 ans d\u2019histoire. Servie par deux rivi\u00e8res, le Clain et la Boivre, la cit\u00e9 poitevine se pr\u00eate aux promenades dans ses rues pi\u00e9tonnes et aux parcours de d\u00e9couverte.<\/p>\n<p>Une des premi\u00e8res villes universitaires d\u2019Europe (1431), elle abrite aujourd\u2019hui de nombreux \u00e9tudiants qui participent avec enthousiasme \u00e0 l\u2019\u00e9nergie du tissu associatif et favorisent une vie culturelle cr\u00e9ative et diversifi\u00e9e.<\/p>\n<p style=\"text-align: center;\"><img loading=\"lazy\" class=\"size-full wp-image-356 aligncenter\" alt=\"ma-carte\" src=\"https:\/\/ll.univ-poitiers.fr\/masterime\/wp-content\/uploads\/2013\/03\/ma-carte.png\" width=\"451\" height=\"178\" srcset=\"https:\/\/ll.univ-poitiers.fr\/masterime\/wp-content\/uploads\/2013\/03\/ma-carte.png 451w, https:\/\/ll.univ-poitiers.fr\/masterime\/wp-content\/uploads\/2013\/03\/ma-carte-300x118.png 300w\" sizes=\"(max-width: 451px) 100vw, 451px\" \/><\/p>\n","protected":false},"excerpt":{"rendered":"<p>\u00c9tudier \u00e0 Poitiers, c\u2019est choisir les avantages de la ville sans en subir les inconv\u00e9nients. Qualit\u00e9 de vie, dimension humaine et nombreux espaces verts en font un lieu au charme ind\u00e9niable. Poitiers compte plus de 25000 \u00e9tudiants, plus d\u2019un quart <a class=\"read-more\" href=\"https:\/\/ll.univ-poitiers.fr\/masterime\/formation\/etudier-a-poitiers\"> Lire la suite &rarr;<\/a><\/p>\n","protected":false},"author":1,"featured_media":0,"parent":6,"menu_order":10,"comment_status":"open","ping_status":"closed","template":"page-templates\/left-nav-page.php","meta":[],"_links":{"self":[{"href":"https:\/\/ll.univ-poitiers.fr\/masterime\/wp-json\/wp\/v2\/pages\/16"}],"collection":[{"href":"https:\/\/ll.univ-poitiers.fr\/masterime\/wp-json\/wp\/v2\/pages"}],"about":[{"href":"https:\/\/ll.univ-poitiers.fr\/masterime\/wp-json\/wp\/v2\/types\/page"}],"author":[{"embeddable":true,"href":"https:\/\/ll.univ-poitiers.fr\/masterime\/wp-json\/wp\/v2\/users\/1"}],"replies":[{"embeddable":true,"href":"https:\/\/ll.univ-poitiers.fr\/masterime\/wp-json\/wp\/v2\/comments?post=16"}],"version-history":[{"count":44,"href":"https:\/\/ll.univ-poitiers.fr\/masterime\/wp-json\/wp\/v2\/pages\/16\/revisions"}],"predecessor-version":[{"id":1219,"href":"https:\/\/ll.univ-poitiers.fr\/masterime\/wp-json\/wp\/v2\/pages\/16\/revisions\/1219"}],"up":[{"embeddable":true,"href":"https:\/\/ll.univ-poitiers.fr\/masterime\/wp-json\/wp\/v2\/pages\/6"}],"wp:attachment":[{"href":"https:\/\/ll.univ-poitiers.fr\/masterime\/wp-json\/wp\/v2\/media?parent=16"}],"curies":[{"name":"wp","href":"https:\/\/api.w.org\/{rel}","templated":true}]}}